

{"id":13848,"date":"2023-12-19T14:12:11","date_gmt":"2023-12-19T17:12:11","guid":{"rendered":"https:\/\/siteshom.goias.gov.br\/abc\/agenda-de-autoridades\/"},"modified":"2026-04-22T11:55:22","modified_gmt":"2026-04-22T14:55:22","slug":"agenda-de-autoridades","status":"publish","type":"page","link":"https:\/\/goias.gov.br\/abc\/agenda-de-autoridades\/","title":{"rendered":"Agenda de Autoridades"},"content":{"rendered":"<p><strong style='margin-block-end: -1.8rem'><a href='https:\/\/goias.gov.br\/abc\/presidente\/'>Presidente<\/a><\/strong><br \/>REGINALDO ALVES DA NOBREGA JUNIOR<\/p>\n<p><strong style='margin-block-end: -1.8rem'><a href='https:\/\/goias.gov.br\/abc\/diretor-de-telerradiodifusao-imprensa-oficial-e-site\/'>Diretor de Telerradiodifus\u00e3o, Imprensa Oficial e Site<\/a><\/strong><br \/>MARDEM MATOS DA COSTA JUNIOR<\/p>\n<p><strong style='margin-block-end: -1.8rem'><a href='https:\/\/goias.gov.br\/abc\/diretor-de-gestao-integrada\/'>Diretor de Gest\u00e3o Integrada<\/a><\/strong><br \/>LUIZ FERNANDO DIBE<\/p>\n<p><strong style='margin-block-end: -1.8rem'><a href='https:\/\/goias.gov.br\/abc\/procurador-setorial\/'>Procurador Setorial<\/a><\/strong><br \/>ROG\u00c9RIO RIBEIRO SOARES<\/p>\n","protected":false},"excerpt":{"rendered":"<p>PresidenteREGINALDO ALVES DA NOBREGA JUNIOR Diretor de Telerradiodifus\u00e3o, Imprensa Oficial e SiteMARDEM MATOS DA COSTA JUNIOR Diretor de Gest\u00e3o IntegradaLUIZ FERNANDO DIBE Procurador SetorialROG\u00c9RIO RIBEIRO SOARES<\/p>\n","protected":false},"author":33,"featured_media":0,"parent":0,"menu_order":0,"comment_status":"closed","ping_status":"closed","template":"","meta":{"footnotes":""},"class_list":["post-13848","page","type-page","status-publish","hentry"],"rttpg_featured_image_url":null,"rttpg_author":{"display_name":"ricardocosta","author_link":"https:\/\/goias.gov.br\/abc\/author\/ricardocosta\/"},"rttpg_comment":0,"rttpg_category":null,"rttpg_excerpt":"PresidenteREGINALDO ALVES DA NOBREGA JUNIOR Diretor de Telerradiodifus\u00e3o, Imprensa Oficial e SiteMARDEM MATOS DA COSTA JUNIOR Diretor de Gest\u00e3o IntegradaLUIZ FERNANDO DIBE Procurador SetorialROG\u00c9RIO RIBEIRO SOARES","_links":{"self":[{"href":"https:\/\/goias.gov.br\/abc\/wp-json\/wp\/v2\/pages\/13848","targetHints":{"allow":["GET"]}}],"collection":[{"href":"https:\/\/goias.gov.br\/abc\/wp-json\/wp\/v2\/pages"}],"about":[{"href":"https:\/\/goias.gov.br\/abc\/wp-json\/wp\/v2\/types\/page"}],"author":[{"embeddable":true,"href":"https:\/\/goias.gov.br\/abc\/wp-json\/wp\/v2\/users\/33"}],"replies":[{"embeddable":true,"href":"https:\/\/goias.gov.br\/abc\/wp-json\/wp\/v2\/comments?post=13848"}],"version-history":[{"count":2,"href":"https:\/\/goias.gov.br\/abc\/wp-json\/wp\/v2\/pages\/13848\/revisions"}],"predecessor-version":[{"id":163935,"href":"https:\/\/goias.gov.br\/abc\/wp-json\/wp\/v2\/pages\/13848\/revisions\/163935"}],"wp:attachment":[{"href":"https:\/\/goias.gov.br\/abc\/wp-json\/wp\/v2\/media?parent=13848"}],"curies":[{"name":"wp","href":"https:\/\/api.w.org\/{rel}","templated":true}]}}